{"id":735,"date":"2025-07-08T11:48:38","date_gmt":"2025-07-08T09:48:38","guid":{"rendered":"https:\/\/wostal.gemini-it.pl\/?page_id=735"},"modified":"2025-07-30T18:12:34","modified_gmt":"2025-07-30T16:12:34","slug":"aktualna-cena-zlomu","status":"publish","type":"page","link":"https:\/\/wostal.gemini-it.pl\/","title":{"rendered":"Aktualna cena z\u0142omu"},"content":{"rendered":"\n<h2 class=\"wp-block-heading\" id=\"brxe-vyxehi\">Cennik aktualny na dzie\u0144: <strong>07.07.2025<\/strong><\/h2>\n\n\n<style>.kb-row-layout-id735_e8d461-80 > .kt-row-column-wrap{align-content:start;}:where(.kb-row-layout-id735_e8d461-80 > .kt-row-column-wrap) > .wp-block-kadence-column{justify-content:start;}.kb-row-layout-id735_e8d461-80 > .kt-row-column-wrap{column-gap:var(--global-kb-gap-md, 2rem);row-gap:var(--global-kb-gap-none, 0rem );padding-top:var(--global-kb-spacing-sm, 1.5rem);padding-bottom:var(--global-kb-spacing-sm, 1.5rem);grid-template-columns:minmax(0, 1fr);}.kb-row-layout-id735_e8d461-80 > .kt-row-layout-overlay{opacity:0.30;}@media all and (max-width: 1024px){.kb-row-layout-id735_e8d461-80 > .kt-row-column-wrap{grid-template-columns:minmax(0, 1fr);}}@media all and (max-width: 767px){.kb-row-layout-id735_e8d461-80 > .kt-row-column-wrap{row-gap:60px;grid-template-columns:minmax(0, 1fr);}}<\/style><div class=\"kb-row-layout-wrap kb-row-layout-id735_e8d461-80 alignfull has-theme-palette9-background-color kt-row-has-bg wp-block-kadence-rowlayout\"><div class=\"kt-row-column-wrap kt-has-1-columns kt-row-layout-equal kt-tab-layout-inherit kt-mobile-layout-row kt-row-valign-top\">\n<style>.kadence-column735_07ffc2-3c > .kt-inside-inner-col,.kadence-column735_07ffc2-3c > .kt-inside-inner-col:before{border-top-left-radius:0px;border-top-right-radius:0px;border-bottom-right-radius:0px;border-bottom-left-radius:0px;}.kadence-column735_07ffc2-3c > .kt-inside-inner-col{column-gap:var(--global-kb-gap-sm, 1rem);}.kadence-column735_07ffc2-3c > .kt-inside-inner-col{flex-direction:column;}.kadence-column735_07ffc2-3c > .kt-inside-inner-col > .aligncenter{width:100%;}.kadence-column735_07ffc2-3c > .kt-inside-inner-col:before{opacity:0.3;}.kadence-column735_07ffc2-3c{position:relative;}@media all and (max-width: 1024px){.kt-row-column-wrap.kt-tab-layout-three-grid > .kadence-column735_07ffc2-3c, .kt-row-column-wrap.kt-tab-layout-two-grid > .kadence-column735_07ffc2-3c, .kt-row-column-wrap.kt-tab-layout-row > .kadence-column735_07ffc2-3c{order:-10;}}@media all and (max-width: 1024px){.kadence-column735_07ffc2-3c > .kt-inside-inner-col{flex-direction:column;}}@media all and (max-width: 767px){.kt-row-column-wrap.kt-mobile-layout-three-grid > .kadence-column735_07ffc2-3c, .kt-row-column-wrap.kt-mobile-layout-two-grid > .kadence-column735_07ffc2-3c, .kt-row-column-wrap.kt-mobile-layout-row > .kadence-column735_07ffc2-3c{order:-10;}.kadence-column735_07ffc2-3c > .kt-inside-inner-col{flex-direction:column;}}<\/style>\n<div class=\"wp-block-kadence-column kadence-column735_07ffc2-3c\"><div class=\"kt-inside-inner-col\"><style>.kb-table-container735_c1ffe2-a1{font-size:var(--global-kb-font-size-sm, 0.9rem);font-family:var( --global-body-font-family, inherit );color:var(--global-palette5, #4A5568);overflow-x:auto;}.kb-table-container .kb-table735_c1ffe2-a1 th{font-size:16px;font-family:var( --global-heading-font-family, inherit );font-weight:600;text-transform:uppercase;color:var(--global-palette9, #ffffff);padding-top:var(--global-kb-spacing-xxs, 0.5rem);padding-right:var(--global-kb-spacing-xxs, 0.5rem);padding-bottom:var(--global-kb-spacing-xxs, 0.5rem);padding-left:var(--global-kb-spacing-xxs, 0.5rem);text-align:center;}.kb-table-container .kb-table735_c1ffe2-a1 td{padding-top:var(--global-kb-spacing-xxs, 0.5rem);padding-right:var(--global-kb-spacing-xxs, 0.5rem);padding-bottom:var(--global-kb-spacing-xxs, 0.5rem);padding-left:var(--global-kb-spacing-xxs, 0.5rem);text-align:left;}.kb-table-container .kb-table735_c1ffe2-a1 tr:nth-of-type(even){background-color:var(--global-palette7, #EDF2F7);}.kb-table-container .kb-table735_c1ffe2-a1 tr:nth-of-type(odd){background-color:var(--global-palette8, #F7FAFC);}@media all and (max-width: 1024px){.kb-table-container .kb-table735_c1ffe2-a1 th{padding-top:var(--global-kb-spacing-xs, 1rem);padding-right:var(--global-kb-spacing-xs, 1rem);padding-bottom:var(--global-kb-spacing-xs, 1rem);padding-left:var(--global-kb-spacing-xs, 1rem);}}@media all and (max-width: 1024px){.kb-table-container .kb-table735_c1ffe2-a1 td{padding-top:var(--global-kb-spacing-xs, 1rem);padding-right:var(--global-kb-spacing-xs, 1rem);padding-bottom:var(--global-kb-spacing-xs, 1rem);padding-left:var(--global-kb-spacing-xs, 1rem);}}@media all and (max-width: 767px){.kb-table-container .kb-table735_c1ffe2-a1 th{padding-top:var(--global-kb-spacing-sm, 1.5rem);padding-right:var(--global-kb-spacing-sm, 1.5rem);padding-bottom:var(--global-kb-spacing-sm, 1.5rem);padding-left:var(--global-kb-spacing-sm, 1.5rem);}.kb-table-container .kb-table735_c1ffe2-a1 td{padding-top:var(--global-kb-spacing-sm, 1.5rem);padding-right:var(--global-kb-spacing-sm, 1.5rem);padding-bottom:var(--global-kb-spacing-sm, 1.5rem);padding-left:var(--global-kb-spacing-sm, 1.5rem);}}<\/style><div class=\"kb-table-container kb-table-container735_c1ffe2-a1 wp-block-kadence-table\"><table class=\"kb-table kb-table735_c1ffe2-a1\">\n<style>.kb-table-container .kb-table tr.kb-table-row735_98fad3-72{background-color:var(--global-palette3, #1A202C);height:70px;}<\/style><tr class=\"kb-table-row kb-table-row735_98fad3-72\">\n<th class=\"kb-table-data kb-table-data735_da86a1-23\">\n<style>.wp-block-kadence-advancedheading.kt-adv-heading735_183b8c-6b, .wp-block-kadence-advancedheading.kt-adv-heading735_183b8c-6b[data-kb-block=\"kb-adv-heading735_183b8c-6b\"]{text-align:left;font-style:normal;}.wp-block-kadence-advancedheading.kt-adv-heading735_183b8c-6b mark.kt-highlight, .wp-block-kadence-advancedheading.kt-adv-heading735_183b8c-6b[data-kb-block=\"kb-adv-heading735_183b8c-6b\"] mark.kt-highlight{font-style:normal;color:#f76a0c;-webkit-box-decoration-break:clone;box-decoration-break:clone;padding-top:0px;padding-right:0px;padding-bottom:0px;padding-left:0px;}<\/style>\n<div class=\"kt-adv-heading735_183b8c-6b wp-block-kadence-advancedheading\" data-kb-block=\"kb-adv-heading735_183b8c-6b\">RODZAJ Z\u0141OMU<\/div>\n\n<\/735_da86a1-23>\n\n<th class=\"kb-table-data kb-table-data735_f3933a-20\">\n<style>.wp-block-kadence-advancedheading.kt-adv-heading735_d5bd28-9e, .wp-block-kadence-advancedheading.kt-adv-heading735_d5bd28-9e[data-kb-block=\"kb-adv-heading735_d5bd28-9e\"]{text-align:center;font-style:normal;}.wp-block-kadence-advancedheading.kt-adv-heading735_d5bd28-9e mark.kt-highlight, .wp-block-kadence-advancedheading.kt-adv-heading735_d5bd28-9e[data-kb-block=\"kb-adv-heading735_d5bd28-9e\"] mark.kt-highlight{font-style:normal;color:#f76a0c;-webkit-box-decoration-break:clone;box-decoration-break:clone;padding-top:0px;padding-right:0px;padding-bottom:0px;padding-left:0px;}<\/style>\n<div class=\"kt-adv-heading735_d5bd28-9e wp-block-kadence-advancedheading\" data-kb-block=\"kb-adv-heading735_d5bd28-9e\">CENA (z\u0142\/kg)<\/div>\n\n<\/735_f3933a-20>\n\n<th class=\"kb-table-data kb-table-data735_411334-77\">\n\n<p class=\"has-text-align-left\">RODZAJ Z\u0141OMU<\/p>\n\n<\/735_411334-77>\n\n<th class=\"kb-table-data kb-table-data735_2c1307-f5\">\n\n<p class=\"has-text-align-center\">CENA (z\u0142\/kg)<\/p>\n\n<\/735_2c1307-f5>\n<\/tr>\n\n<tr class=\"kb-table-row kb-table-row735_efc8db-26\">\n<td class=\"kb-table-data kb-table-data735_c8a390-03\">\n\n<p>Mied\u017a millbery<\/p>\n\n<\/735_c8a390-03>\n\n<td class=\"kb-table-data kb-table-data735_f2b29a-08\">\n\n<p class=\"has-text-align-center\">31,60<\/p>\n\n<\/735_f2b29a-08>\n\n<td class=\"kb-table-data kb-table-data735_7128dc-17\">\n\n<p>Mied\u017a wi\u00f3ra<\/p>\n\n<\/735_7128dc-17>\n\n<td class=\"kb-table-data kb-table-data735_03810e-d5\">\n\n<p class=\"has-text-align-center\">27,40<\/p>\n\n<\/735_03810e-d5>\n<\/tr>\n\n<tr class=\"kb-table-row kb-table-row735_c1ce65-41\">\n<td class=\"kb-table-data kb-table-data735_1c6266-47\">\n\n<p>Mied\u017a kawa\u0142ek \u015bwiec\u0105cy<\/p>\n\n<\/735_1c6266-47>\n\n<td class=\"kb-table-data kb-table-data735_e6177a-dc\">\n\n<p class=\"has-text-align-center\">30,60<\/p>\n\n<\/735_e6177a-dc>\n\n<td class=\"kb-table-data kb-table-data735_17e825-27\">\n\n<p>Mied\u017a mika<\/p>\n\n<\/735_17e825-27>\n\n<td class=\"kb-table-data kb-table-data735_3323ec-ce\">\n\n<p class=\"has-text-align-center\">20,70<\/p>\n\n<\/735_3323ec-ce>\n<\/tr>\n\n<tr class=\"kb-table-row kb-table-row735_271810-fc\">\n<td class=\"kb-table-data kb-table-data735_87b046-fd\">\n\n<p>Mied\u017a niesort<\/p>\n\n<\/735_87b046-fd>\n\n<td class=\"kb-table-data kb-table-data735_dd2a15-12\">\n\n<p class=\"has-text-align-center\">28,30<\/p>\n\n<\/735_dd2a15-12>\n\n<td class=\"kb-table-data kb-table-data735_81cb48-78\">\n\n<p>Z\u0142om rozrusznik\u00f3w<\/p>\n\n<\/735_81cb48-78>\n\n<td class=\"kb-table-data kb-table-data735_ed608f-2a\">\n\n<p class=\"has-text-align-center\">2,90<\/p>\n\n<\/735_ed608f-2a>\n<\/tr>\n\n<tr class=\"kb-table-row kb-table-row735_26f33c-48\">\n<td class=\"kb-table-data kb-table-data735_93f0db-10\">\n\n<p>Mied\u017a kawa\u0142ek zwyk\u0142y<\/p>\n\n<\/735_93f0db-10>\n\n<td class=\"kb-table-data kb-table-data735_b18fbe-f8\">\n\n<p class=\"has-text-align-center\">28,60<\/p>\n\n<\/735_b18fbe-f8>\n\n<td class=\"kb-table-data kb-table-data735_9849a5-b6\">\n\n<p>Z\u0142om alternator\u00f3w<\/p>\n\n<\/735_9849a5-b6>\n\n<td class=\"kb-table-data kb-table-data735_476a7f-66\">\n\n<p class=\"has-text-align-center\">4,00<\/p>\n\n<\/735_476a7f-66>\n<\/tr>\n\n<tr class=\"kb-table-row kb-table-row735_7f3fe8-27\">\n<td class=\"kb-table-data kb-table-data735_8fd0d2-5c\">\n\n<p>Mied\u017a pobia\u0142<\/p>\n\n<\/735_8fd0d2-5c>\n\n<td class=\"kb-table-data kb-table-data735_a58ecb-98\">\n\n<p class=\"has-text-align-center\">27,70<\/p>\n\n<\/735_a58ecb-98>\n\n<td class=\"kb-table-data kb-table-data735_cc0778-43\">\n\n<p><br>Silnik elektryczny (do 300 kg)<\/p>\n\n<\/735_cc0778-43>\n\n<td class=\"kb-table-data kb-table-data735_b9be95-95\">\n\n<p class=\"has-text-align-center\">1,60<\/p>\n\n<\/735_b9be95-95>\n<\/tr>\n\n<tr class=\"kb-table-row kb-table-row735_2ff471-77\">\n<td class=\"kb-table-data kb-table-data735_4c00b0-b7\">\n\n<p>Mied\u017a piecyk<\/p>\n\n<\/735_4c00b0-b7>\n\n<td class=\"kb-table-data kb-table-data735_436f64-d9\">\n\n<p class=\"has-text-align-center\">25,70<\/p>\n\n<\/735_436f64-d9>\n\n<td class=\"kb-table-data kb-table-data735_33afd1-55\">\n\n<p>Silnik elektryczny (pow. 300 kg)<\/p>\n\n<\/735_33afd1-55>\n\n<td class=\"kb-table-data kb-table-data735_cc56dd-56\">\n\n<p class=\"has-text-align-center\">1,40<\/p>\n\n<\/735_cc56dd-56>\n<\/tr>\n<\/table><\/div><\/div><\/div>\n\n<\/div><\/div>","protected":false},"excerpt":{"rendered":"<p>Cennik aktualny na dzie\u0144: 07.07.2025<\/p>\n","protected":false},"author":1,"featured_media":0,"parent":0,"menu_order":0,"comment_status":"closed","ping_status":"closed","template":"","meta":{"_kadence_starter_templates_imported_post":false,"_kad_post_transparent":"","_kad_post_title":"hide","_kad_post_layout":"default","_kad_post_sidebar_id":"","_kad_post_content_style":"","_kad_post_vertical_padding":"","_kad_post_feature":"","_kad_post_feature_position":"","_kad_post_header":false,"_kad_post_footer":false,"footnotes":""},"class_list":["post-735","page","type-page","status-publish","hentry"],"_links":{"self":[{"href":"https:\/\/wostal.gemini-it.pl\/index.php\/wp-json\/wp\/v2\/pages\/735","targetHints":{"allow":["GET"]}}],"collection":[{"href":"https:\/\/wostal.gemini-it.pl\/index.php\/wp-json\/wp\/v2\/pages"}],"about":[{"href":"https:\/\/wostal.gemini-it.pl\/index.php\/wp-json\/wp\/v2\/types\/page"}],"author":[{"embeddable":true,"href":"https:\/\/wostal.gemini-it.pl\/index.php\/wp-json\/wp\/v2\/users\/1"}],"replies":[{"embeddable":true,"href":"https:\/\/wostal.gemini-it.pl\/index.php\/wp-json\/wp\/v2\/comments?post=735"}],"version-history":[{"count":10,"href":"https:\/\/wostal.gemini-it.pl\/index.php\/wp-json\/wp\/v2\/pages\/735\/revisions"}],"predecessor-version":[{"id":939,"href":"https:\/\/wostal.gemini-it.pl\/index.php\/wp-json\/wp\/v2\/pages\/735\/revisions\/939"}],"wp:attachment":[{"href":"https:\/\/wostal.gemini-it.pl\/index.php\/wp-json\/wp\/v2\/media?parent=735"}],"curies":[{"name":"wp","href":"https:\/\/api.w.org\/{rel}","templated":true}]}}