{"id":878,"date":"2025-07-24T14:15:09","date_gmt":"2025-07-24T12:15:09","guid":{"rendered":"https:\/\/wostal.gemini-it.pl\/?page_id=878"},"modified":"2025-08-04T20:20:35","modified_gmt":"2025-08-04T18:20:35","slug":"skup-zlomu-stalowego-i-zeliwa","status":"publish","type":"page","link":"https:\/\/wostal.gemini-it.pl\/index.php\/skup-zlomu-stalowego-i-zeliwa\/","title":{"rendered":"SKUP Z\u0141OMU STALOWEGO I \u017bELIWA\u00a0"},"content":{"rendered":"\t\t<div data-elementor-type=\"wp-page\" data-elementor-id=\"878\" class=\"elementor elementor-878\" data-elementor-post-type=\"page\">\n\t\t\t\t<div class=\"elementor-element elementor-element-fea563f e-flex e-con-boxed e-con e-parent\" data-id=\"fea563f\" data-element_type=\"container\" data-settings=\"{&quot;background_background&quot;:&quot;classic&quot;}\">\n\t\t\t\t\t<div class=\"e-con-inner\">\n\t\t\t\t<div class=\"elementor-element elementor-element-b3cefa9 elementor-widget elementor-widget-heading\" data-id=\"b3cefa9\" data-element_type=\"widget\" data-widget_type=\"heading.default\">\n\t\t\t\t<div class=\"elementor-widget-container\">\n\t\t\t\t\t<h2 class=\"elementor-heading-title elementor-size-default\">Skup z\u0142omu<\/h2>\t\t\t\t<\/div>\n\t\t\t\t<\/div>\n\t\t\t\t<div class=\"elementor-element elementor-element-4b461f7 elementor-widget elementor-widget-text-editor\" data-id=\"4b461f7\" data-element_type=\"widget\" data-widget_type=\"text-editor.default\">\n\t\t\t\t<div class=\"elementor-widget-container\">\n\t\t\t\t\t\t\t\t\t<ol start=\"1\"><li><p><b>Z\u0142om stalowy N10 (z\u0142om lekki)<\/b><\/p><ul><li><p>Z\u0142om niewsadowy &#8211; wymaga przygotowania przed procesem hutniczym<\/p><\/li><li><p>Elementy do 2000 x 1200 x 1000 mm, grubo\u015b\u0107 \u015bcianki poni\u017cej 4 mm<\/p><\/li><li><p>Przyk\u0142ady: blachy, ta\u015bmy, cienkie rury, drobne elementy stalowe<\/p><\/li><\/ul><\/li><li><p><b>Z\u0142om stalowy N2\/W2 (z\u0142om \u015bredni)<\/b><\/p><ul><li><p>N2 &#8211; Z\u0142om stalowy niewsadowy &#8211; wymaga przygotowania przed procesem hutniczym<\/p><\/li><li><p>Elementy do 2000 x 1200 x 1000 mm, grubo\u015b\u0107 \u015bcianki powy\u017cej 4 mm<\/p><\/li><li><p>W2 &#8211; Z\u0142om stalowy wsadowny &#8211; przygotowany do wymiar\u00f3w 1200 x 500 x 500 mm, grubo\u015b\u0107 \u015bcianki powy\u017cej 4 mm<\/p><\/li><li><p>Przyk\u0142ady: blachy, ta\u015bmy, grubsze rury, drobne elementy stalowe grubo\u015bcienne, pr\u0119ty, z\u0142om poamortyzacyjny<\/p><\/li><\/ul><\/li><li><p><b>Z\u0142om stalowy N5\/W5 (z\u0142om ci\u0119\u017cki)<\/b><\/p><ul><li><p>N5 &#8211; Z\u0142om stalowy niewsadowy &#8211; nieprzygotowany do procesu hutniczego<\/p><\/li><li><p>Elementy do 5000 x 700 x 700 mm, grubo\u015b\u0107 \u015bcianki powy\u017cej 10 mm<\/p><\/li><li><p>W5 &#8211; Z\u0142om stalowy wsadowny &#8211; przygotowany do wymiar\u00f3w 400 x 400 x 400 mm, grubo\u015b\u0107 \u015bcianki powy\u017cej 10 mm<\/p><\/li><li><p>Przyk\u0142ady: konstrukcje, profile, z\u0142om produkcyjny, jednolity i powtarzalny, a\u017cury z wycinania<\/p><\/li><\/ul><\/li><li><p><b>Wi\u00f3ry stalowe s\u0105 wyodr\u0119bnione na dwie g\u0142\u00f3wne klasy<\/b><\/p><ul><li><p>N4 &#8211; wi\u00f3ry d\u0142ugie, sk\u0142\u0119bione<\/p><\/li><li><p>W13 &#8211; wi\u00f3ry sypkie, kr\u00f3tkie, wsadowe<\/p><\/li><\/ul><\/li><\/ol>\t\t\t\t\t\t\t\t<\/div>\n\t\t\t\t<\/div>\n\t\t\t\t\t<\/div>\n\t\t\t\t<\/div>\n\t\t\t\t<\/div>\n\t\t","protected":false},"excerpt":{"rendered":"<p>Skup z\u0142omu Z\u0142om stalowy N10 (z\u0142om lekki) Z\u0142om niewsadowy &#8211; wymaga przygotowania przed procesem hutniczym Elementy do 2000 x 1200 x 1000 mm, grubo\u015b\u0107 \u015bcianki poni\u017cej 4 mm Przyk\u0142ady: blachy, ta\u015bmy, cienkie rury, drobne elementy stalowe Z\u0142om stalowy N2\/W2 (z\u0142om \u015bredni) N2 &#8211; Z\u0142om stalowy niewsadowy &#8211; wymaga przygotowania przed procesem hutniczym Elementy do 2000&#8230;<\/p>\n","protected":false},"author":1,"featured_media":0,"parent":0,"menu_order":0,"comment_status":"closed","ping_status":"closed","template":"","meta":{"_kadence_starter_templates_imported_post":false,"_kad_post_transparent":"","_kad_post_title":"hide","_kad_post_layout":"fullwidth","_kad_post_sidebar_id":"","_kad_post_content_style":"unboxed","_kad_post_vertical_padding":"hide","_kad_post_feature":"hide","_kad_post_feature_position":"","_kad_post_header":false,"_kad_post_footer":false,"footnotes":""},"class_list":["post-878","page","type-page","status-publish","hentry"],"_links":{"self":[{"href":"https:\/\/wostal.gemini-it.pl\/index.php\/wp-json\/wp\/v2\/pages\/878","targetHints":{"allow":["GET"]}}],"collection":[{"href":"https:\/\/wostal.gemini-it.pl\/index.php\/wp-json\/wp\/v2\/pages"}],"about":[{"href":"https:\/\/wostal.gemini-it.pl\/index.php\/wp-json\/wp\/v2\/types\/page"}],"author":[{"embeddable":true,"href":"https:\/\/wostal.gemini-it.pl\/index.php\/wp-json\/wp\/v2\/users\/1"}],"replies":[{"embeddable":true,"href":"https:\/\/wostal.gemini-it.pl\/index.php\/wp-json\/wp\/v2\/comments?post=878"}],"version-history":[{"count":16,"href":"https:\/\/wostal.gemini-it.pl\/index.php\/wp-json\/wp\/v2\/pages\/878\/revisions"}],"predecessor-version":[{"id":965,"href":"https:\/\/wostal.gemini-it.pl\/index.php\/wp-json\/wp\/v2\/pages\/878\/revisions\/965"}],"wp:attachment":[{"href":"https:\/\/wostal.gemini-it.pl\/index.php\/wp-json\/wp\/v2\/media?parent=878"}],"curies":[{"name":"wp","href":"https:\/\/api.w.org\/{rel}","templated":true}]}}