{"id":916,"date":"2025-07-24T15:12:27","date_gmt":"2025-07-24T13:12:27","guid":{"rendered":"https:\/\/wostal.gemini-it.pl\/?page_id=916"},"modified":"2025-08-04T20:21:15","modified_gmt":"2025-08-04T18:21:15","slug":"skup-metali-kolorowych","status":"publish","type":"page","link":"https:\/\/wostal.gemini-it.pl\/index.php\/skup-metali-kolorowych\/","title":{"rendered":"Skup metali kolorowych"},"content":{"rendered":"\t\t<div data-elementor-type=\"wp-page\" data-elementor-id=\"916\" class=\"elementor elementor-916\" data-elementor-post-type=\"page\">\n\t\t\t\t<div class=\"elementor-element elementor-element-9104021 e-flex e-con-boxed e-con e-parent\" data-id=\"9104021\" data-element_type=\"container\" data-settings=\"{&quot;background_background&quot;:&quot;classic&quot;}\">\n\t\t\t\t\t<div class=\"e-con-inner\">\n\t\t\t\t<div class=\"elementor-element elementor-element-54a0b4c elementor-widget elementor-widget-heading\" data-id=\"54a0b4c\" data-element_type=\"widget\" data-widget_type=\"heading.default\">\n\t\t\t\t<div class=\"elementor-widget-container\">\n\t\t\t\t\t<h2 class=\"elementor-heading-title elementor-size-default\">Skup metali kolorowych<\/h2>\t\t\t\t<\/div>\n\t\t\t\t<\/div>\n\t\t\t\t<div class=\"elementor-element elementor-element-978307b elementor-widget elementor-widget-text-editor\" data-id=\"978307b\" data-element_type=\"widget\" data-widget_type=\"text-editor.default\">\n\t\t\t\t<div class=\"elementor-widget-container\">\n\t\t\t\t\t\t\t\t\t<p>Specjalizujemy si\u0119 w skupie metali nie\u017celaznych: miedzi, mosi\u0105dzu, br\u0105zu, aluminium, cynku, cyny, o\u0142owiu, stali nierdzewnej i ZnAl. Posiadamy do\u015bwiadczenie w rozpoznawaniu oraz klasyfikacji metali zgodnie z obowi\u0105zuj\u0105cymi normami \u2013 zar\u00f3wno w wersji kawa\u0142kowej, jak i wi\u00f3rowej.<\/p><p>&#8211; Mied\u017a (Millbera, kawa\u0142kowa, naw\u00f3j, piecyki, cewka, niesort)<br \/>&#8211; Mosi\u0105dz (\u017c\u00f3\u0142ty, bia\u0142y, ch\u0142odnice, wi\u00f3ry)<br \/>&#8211; Aluminium (odlew, profil, felga, sektor\/linka, ch\u0142odnice)<br \/>&#8211; Stal nierdzewna, ZnAl, o\u0142\u00f3w, cyna \u2013 r\u00f3wnie\u017c w formach niestandardowyc<\/p>\t\t\t\t\t\t\t\t<\/div>\n\t\t\t\t<\/div>\n\t\t\t\t\t<\/div>\n\t\t\t\t<\/div>\n\t\t\t\t<\/div>\n\t\t","protected":false},"excerpt":{"rendered":"<p>Skup metali kolorowych Specjalizujemy si\u0119 w skupie metali nie\u017celaznych: miedzi, mosi\u0105dzu, br\u0105zu, aluminium, cynku, cyny, o\u0142owiu, stali nierdzewnej i ZnAl. Posiadamy do\u015bwiadczenie w rozpoznawaniu oraz klasyfikacji metali zgodnie z obowi\u0105zuj\u0105cymi normami \u2013 zar\u00f3wno w wersji kawa\u0142kowej, jak i wi\u00f3rowej. &#8211; Mied\u017a (Millbera, kawa\u0142kowa, naw\u00f3j, piecyki, cewka, niesort)&#8211; Mosi\u0105dz (\u017c\u00f3\u0142ty, bia\u0142y, ch\u0142odnice, wi\u00f3ry)&#8211; Aluminium (odlew, profil,&#8230;<\/p>\n","protected":false},"author":1,"featured_media":0,"parent":0,"menu_order":0,"comment_status":"closed","ping_status":"closed","template":"","meta":{"_kadence_starter_templates_imported_post":false,"_kad_post_transparent":"","_kad_post_title":"hide","_kad_post_layout":"fullwidth","_kad_post_sidebar_id":"","_kad_post_content_style":"unboxed","_kad_post_vertical_padding":"hide","_kad_post_feature":"hide","_kad_post_feature_position":"","_kad_post_header":false,"_kad_post_footer":false,"footnotes":""},"class_list":["post-916","page","type-page","status-publish","hentry"],"_links":{"self":[{"href":"https:\/\/wostal.gemini-it.pl\/index.php\/wp-json\/wp\/v2\/pages\/916","targetHints":{"allow":["GET"]}}],"collection":[{"href":"https:\/\/wostal.gemini-it.pl\/index.php\/wp-json\/wp\/v2\/pages"}],"about":[{"href":"https:\/\/wostal.gemini-it.pl\/index.php\/wp-json\/wp\/v2\/types\/page"}],"author":[{"embeddable":true,"href":"https:\/\/wostal.gemini-it.pl\/index.php\/wp-json\/wp\/v2\/users\/1"}],"replies":[{"embeddable":true,"href":"https:\/\/wostal.gemini-it.pl\/index.php\/wp-json\/wp\/v2\/comments?post=916"}],"version-history":[{"count":8,"href":"https:\/\/wostal.gemini-it.pl\/index.php\/wp-json\/wp\/v2\/pages\/916\/revisions"}],"predecessor-version":[{"id":968,"href":"https:\/\/wostal.gemini-it.pl\/index.php\/wp-json\/wp\/v2\/pages\/916\/revisions\/968"}],"wp:attachment":[{"href":"https:\/\/wostal.gemini-it.pl\/index.php\/wp-json\/wp\/v2\/media?parent=916"}],"curies":[{"name":"wp","href":"https:\/\/api.w.org\/{rel}","templated":true}]}}